{"id":138,"date":"2025-11-14T00:30:30","date_gmt":"2025-11-14T00:30:30","guid":{"rendered":"https:\/\/chezmeregrand.com\/?post_type=product&#038;p=138"},"modified":"2026-01-05T06:20:07","modified_gmt":"2026-01-05T06:20:07","slug":"melange-traditionnel-85g-pot-en-verre","status":"publish","type":"product","link":"https:\/\/chezmeregrand.com\/en\/product\/melange-traditionnel-85g-pot-en-verre\/","title":{"rendered":"M\u00e9lange traditionnel (85g Pot en verre)"},"content":{"rendered":"<p>Savourez ce m\u00e9lange d&rsquo;\u00e9pices tout usage, fait avec du sucre d\u2019\u00e9rable, des plantes bor\u00e9ales cueillies \u00e0 la main en territoire autochtone, et des \u00e9pices choisies avec soin. Son go\u00fbt sucr\u00e9-sal\u00e9 et fum\u00e9 rehausse parfaitement le saumon, le steak, le poulet, le porc, le tofu, les patates, le popcorn\u2026 et m\u00eame un Bloody Caesar !<\/p>","protected":false},"excerpt":{"rendered":"<p>Savourez ce m\u00e9lange d&rsquo;\u00e9pices tout usage, fait avec du sucre d\u2019\u00e9rable, des plantes bor\u00e9ales cueillies \u00e0 la main en territoire autochtone, et des \u00e9pices choisies avec soin. Son go\u00fbt sucr\u00e9-sal\u00e9 et fum\u00e9 rehausse parfaitement le saumon, le steak, le poulet, le porc, le tofu, les patates, le popcorn\u2026 et m\u00eame un Bloody Caesar !<\/p>","protected":false},"featured_media":107,"template":"","meta":{"_acf_changed":false},"product_brand":[],"product_cat":[19],"product_tag":[],"class_list":{"0":"post-138","1":"product","2":"type-product","3":"status-publish","4":"has-post-thumbnail","6":"product_cat-epices-assaisonnements","8":"first","9":"instock","10":"featured","11":"shipping-taxable","12":"purchasable","13":"product-type-simple"},"acf":[],"_links":{"self":[{"href":"https:\/\/chezmeregrand.com\/en\/wp-json\/wp\/v2\/product\/138","targetHints":{"allow":["GET"]}}],"collection":[{"href":"https:\/\/chezmeregrand.com\/en\/wp-json\/wp\/v2\/product"}],"about":[{"href":"https:\/\/chezmeregrand.com\/en\/wp-json\/wp\/v2\/types\/product"}],"wp:featuredmedia":[{"embeddable":true,"href":"https:\/\/chezmeregrand.com\/en\/wp-json\/wp\/v2\/media\/107"}],"wp:attachment":[{"href":"https:\/\/chezmeregrand.com\/en\/wp-json\/wp\/v2\/media?parent=138"}],"wp:term":[{"taxonomy":"product_brand","embeddable":true,"href":"https:\/\/chezmeregrand.com\/en\/wp-json\/wp\/v2\/product_brand?post=138"},{"taxonomy":"product_cat","embeddable":true,"href":"https:\/\/chezmeregrand.com\/en\/wp-json\/wp\/v2\/product_cat?post=138"},{"taxonomy":"product_tag","embeddable":true,"href":"https:\/\/chezmeregrand.com\/en\/wp-json\/wp\/v2\/product_tag?post=138"}],"curies":[{"name":"wp","href":"https:\/\/api.w.org\/{rel}","templated":true}]}}